{"id":9,"date":"2024-06-26T16:44:00","date_gmt":"2024-06-26T14:44:00","guid":{"rendered":"https:\/\/rdts2.fr\/?page_id=9"},"modified":"2024-07-12T16:33:31","modified_gmt":"2024-07-12T14:33:31","slug":"accueil-9","status":"publish","type":"page","link":"https:\/\/rdts2.fr\/","title":{"rendered":"Accueil #9"},"content":{"rendered":"\t\t<div data-elementor-type=\"wp-post\" data-elementor-id=\"9\" class=\"elementor elementor-9\">\n\t\t\t\t<div class=\"elementor-element elementor-element-5ef9950 e-con-full e-flex e-con e-parent\" data-id=\"5ef9950\" data-element_type=\"container\" data-settings=\"{&quot;background_background&quot;:&quot;classic&quot;}\">\n\t\t\t\t<\/div>\n\t\t<div class=\"elementor-element elementor-element-a8212bf e-flex e-con-boxed e-con e-parent\" data-id=\"a8212bf\" data-element_type=\"container\">\n\t\t\t\t\t<div class=\"e-con-inner\">\n\t\t\t\t<div class=\"elementor-element elementor-element-2d963fa elementor-widget elementor-widget-spacer\" data-id=\"2d963fa\" data-element_type=\"widget\" data-widget_type=\"spacer.default\">\n\t\t\t\t<div class=\"elementor-widget-container\">\n\t\t\t<style>\/*! elementor - v3.22.0 - 26-06-2024 *\/\n.elementor-column .elementor-spacer-inner{height:var(--spacer-size)}.e-con{--container-widget-width:100%}.e-con-inner>.elementor-widget-spacer,.e-con>.elementor-widget-spacer{width:var(--container-widget-width,var(--spacer-size));--align-self:var(--container-widget-align-self,initial);--flex-shrink:0}.e-con-inner>.elementor-widget-spacer>.elementor-widget-container,.e-con>.elementor-widget-spacer>.elementor-widget-container{height:100%;width:100%}.e-con-inner>.elementor-widget-spacer>.elementor-widget-container>.elementor-spacer,.e-con>.elementor-widget-spacer>.elementor-widget-container>.elementor-spacer{height:100%}.e-con-inner>.elementor-widget-spacer>.elementor-widget-container>.elementor-spacer>.elementor-spacer-inner,.e-con>.elementor-widget-spacer>.elementor-widget-container>.elementor-spacer>.elementor-spacer-inner{height:var(--container-widget-height,var(--spacer-size))}.e-con-inner>.elementor-widget-spacer.elementor-widget-empty,.e-con>.elementor-widget-spacer.elementor-widget-empty{position:relative;min-height:22px;min-width:22px}.e-con-inner>.elementor-widget-spacer.elementor-widget-empty .elementor-widget-empty-icon,.e-con>.elementor-widget-spacer.elementor-widget-empty .elementor-widget-empty-icon{position:absolute;top:0;bottom:0;left:0;right:0;margin:auto;padding:0;width:22px;height:22px}<\/style>\t\t<div class=\"elementor-spacer\">\n\t\t\t<div class=\"elementor-spacer-inner\"><\/div>\n\t\t<\/div>\n\t\t\t\t<\/div>\n\t\t\t\t<\/div>\n\t\t\t\t<div class=\"elementor-element elementor-element-6289ebf elementor-widget elementor-widget-heading\" data-id=\"6289ebf\" data-element_type=\"widget\" data-widget_type=\"heading.default\">\n\t\t\t\t<div class=\"elementor-widget-container\">\n\t\t\t<style>\/*! elementor - v3.22.0 - 26-06-2024 *\/\n.elementor-heading-title{padding:0;margin:0;line-height:1}.elementor-widget-heading .elementor-heading-title[class*=elementor-size-]>a{color:inherit;font-size:inherit;line-height:inherit}.elementor-widget-heading .elementor-heading-title.elementor-size-small{font-size:15px}.elementor-widget-heading .elementor-heading-title.elementor-size-medium{font-size:19px}.elementor-widget-heading .elementor-heading-title.elementor-size-large{font-size:29px}.elementor-widget-heading .elementor-heading-title.elementor-size-xl{font-size:39px}.elementor-widget-heading .elementor-heading-title.elementor-size-xxl{font-size:59px}<\/style><h2 class=\"elementor-heading-title elementor-size-default\">Pr\u00e9sentation du projet : <\/h2>\t\t<\/div>\n\t\t\t\t<\/div>\n\t\t\t\t\t<\/div>\n\t\t\t\t<\/div>\n\t\t<div class=\"elementor-element elementor-element-2660565 e-flex e-con-boxed e-con e-parent\" data-id=\"2660565\" data-element_type=\"container\">\n\t\t\t\t\t<div class=\"e-con-inner\">\n\t\t\t\t<div class=\"elementor-element elementor-element-8459d7d elementor-widget elementor-widget-spacer\" data-id=\"8459d7d\" data-element_type=\"widget\" data-widget_type=\"spacer.default\">\n\t\t\t\t<div class=\"elementor-widget-container\">\n\t\t\t\t\t<div class=\"elementor-spacer\">\n\t\t\t<div class=\"elementor-spacer-inner\"><\/div>\n\t\t<\/div>\n\t\t\t\t<\/div>\n\t\t\t\t<\/div>\n\t\t\t\t<div class=\"elementor-element elementor-element-49fe0c6 elementor-widget__width-initial elementor-widget elementor-widget-text-editor\" data-id=\"49fe0c6\" data-element_type=\"widget\" data-widget_type=\"text-editor.default\">\n\t\t\t\t<div class=\"elementor-widget-container\">\n\t\t\t<style>\/*! elementor - v3.22.0 - 26-06-2024 *\/\n.elementor-widget-text-editor.elementor-drop-cap-view-stacked .elementor-drop-cap{background-color:#69727d;color:#fff}.elementor-widget-text-editor.elementor-drop-cap-view-framed .elementor-drop-cap{color:#69727d;border:3px solid;background-color:transparent}.elementor-widget-text-editor:not(.elementor-drop-cap-view-default) .elementor-drop-cap{margin-top:8px}.elementor-widget-text-editor:not(.elementor-drop-cap-view-default) .elementor-drop-cap-letter{width:1em;height:1em}.elementor-widget-text-editor .elementor-drop-cap{float:left;text-align:center;line-height:1;font-size:50px}.elementor-widget-text-editor .elementor-drop-cap-letter{display:inline-block}<\/style>\t\t\t\t<p><strong>Pr\u00e9sentation du Projet : eSport Tournois FC<\/strong><\/p><p><\/p><hr \/><p><strong>Introduction :<\/strong> Bienvenue dans le monde passionnant d&#8217;eSport Tournois FC, une entreprise innovante d\u00e9di\u00e9e \u00e0 l&#8217;organisation de tournois et de ligues pour le jeu vid\u00e9o FC2024. Notre mission est de cr\u00e9er des comp\u00e9titions immersives et dynamiques qui rassemblent les passionn\u00e9s de football virtuel du monde entier.<\/p><hr \/><p><strong>Notre Vision :<\/strong> Chez eSport Tournois FC, nous croyons en la puissance de l&#8217;eSport pour unir les joueurs, stimuler la comp\u00e9tition saine et promouvoir le talent \u00e0 tous les niveaux. Notre vision est de devenir le leader dans l&#8217;organisation de tournois FC2024, offrant une plateforme o\u00f9 les joueurs amateurs et professionnels peuvent briller et atteindre de nouveaux sommets.<\/p>\t\t\t\t\t\t<\/div>\n\t\t\t\t<\/div>\n\t\t\t\t\t<\/div>\n\t\t\t\t<\/div>\n\t\t<div class=\"elementor-element elementor-element-273fb60 e-flex e-con-boxed e-con e-parent\" data-id=\"273fb60\" data-element_type=\"container\">\n\t\t\t\t\t<div class=\"e-con-inner\">\n\t\t\t\t<div class=\"elementor-element elementor-element-8d4bbf9 elementor-widget elementor-widget-spacer\" data-id=\"8d4bbf9\" data-element_type=\"widget\" data-widget_type=\"spacer.default\">\n\t\t\t\t<div class=\"elementor-widget-container\">\n\t\t\t\t\t<div class=\"elementor-spacer\">\n\t\t\t<div class=\"elementor-spacer-inner\"><\/div>\n\t\t<\/div>\n\t\t\t\t<\/div>\n\t\t\t\t<\/div>\n\t\t\t\t\t<\/div>\n\t\t\t\t<\/div>\n\t\t<div class=\"elementor-element elementor-element-62316b6 e-flex e-con-boxed e-con e-parent\" data-id=\"62316b6\" data-element_type=\"container\">\n\t\t\t\t\t<div class=\"e-con-inner\">\n\t\t\t\t<div class=\"elementor-element elementor-element-140d718 elementor-widget elementor-widget-heading\" data-id=\"140d718\" data-element_type=\"widget\" data-widget_type=\"heading.default\">\n\t\t\t\t<div class=\"elementor-widget-container\">\n\t\t\t<h2 class=\"elementor-heading-title elementor-size-default\">NOS OFFRES :<\/h2>\t\t<\/div>\n\t\t\t\t<\/div>\n\t\t\t\t\t<\/div>\n\t\t\t\t<\/div>\n\t\t<div class=\"elementor-element elementor-element-2deac5e e-flex e-con-boxed e-con e-parent\" data-id=\"2deac5e\" data-element_type=\"container\">\n\t\t\t\t\t<div class=\"e-con-inner\">\n\t\t\t\t<div class=\"elementor-element elementor-element-9396f50 elementor-widget elementor-widget-heading\" data-id=\"9396f50\" data-element_type=\"widget\" data-widget_type=\"heading.default\">\n\t\t\t\t<div class=\"elementor-widget-container\">\n\t\t\t<h2 class=\"elementor-heading-title elementor-size-default\">Les diff\u00e9rentes ligues<\/h2>\t\t<\/div>\n\t\t\t\t<\/div>\n\t\t\t\t\t<\/div>\n\t\t\t\t<\/div>\n\t\t<div class=\"elementor-element elementor-element-e5337bd e-con-full e-flex e-con e-parent\" data-id=\"e5337bd\" data-element_type=\"container\">\n\t\t<div class=\"elementor-element elementor-element-eaa35b2 e-con-full e-flex e-con e-child\" data-id=\"eaa35b2\" data-element_type=\"container\">\n\t\t\t\t<div class=\"elementor-element elementor-element-5fe55d1 eael-pricing-content-align-center eael-pricing-button-align-center elementor-widget elementor-widget-eael-pricing-table\" data-id=\"5fe55d1\" data-element_type=\"widget\" data-widget_type=\"eael-pricing-table.default\">\n\t\t\t\t<div class=\"elementor-widget-container\">\n\t\t\t                    <div class=\"eael-pricing style-1\" >\n                <div class=\"eael-pricing-item \">\n                    <div class=\"header\">\n                        <h2 class=\"title\">ligue amateur<\/h2>\n                    <\/div>\n                    <div class=\"eael-pricing-tag\">\n                        <span class=\"price-tag\"><span class=\"original-price\">2.50<span class=\"price-currency\">\u20ac<\/span>\n                    <\/span><\/span><span class=\"price-period\">\/<\/span>                    <\/div>\n                    <div class=\"body\">\n                                <ul>\n                            <li class=\"elementor-repeater-item-0f9683b\">\n                    \n                    \n                    <span >Pour les nouveaux joueurs souhaitant faire leurs premiers pas dans la comp\u00e9tition eSport.<\/span>\n                    \n                    \n            <span class=\"li-icon\" style=\"color:;fill:;\" >\n                            <\/span>\n\n         \n                <\/li>\n                    <\/ul>\n                        <\/div>\n\t                                <\/div>\n            <\/div>\n                \t\t<\/div>\n\t\t\t\t<\/div>\n\t\t\t\t<\/div>\n\t\t<div class=\"elementor-element elementor-element-f5f5300 e-con-full e-flex e-con e-child\" data-id=\"f5f5300\" data-element_type=\"container\">\n\t\t\t\t<div class=\"elementor-element elementor-element-f2b2103 eael-pricing-content-align-center eael-pricing-button-align-center elementor-widget elementor-widget-eael-pricing-table\" data-id=\"f2b2103\" data-element_type=\"widget\" data-widget_type=\"eael-pricing-table.default\">\n\t\t\t\t<div class=\"elementor-widget-container\">\n\t\t\t                    <div class=\"eael-pricing style-1\" >\n                <div class=\"eael-pricing-item \">\n                    <div class=\"header\">\n                        <h2 class=\"title\">ligue interm\u00e9diaire<\/h2>\n                    <\/div>\n                    <div class=\"eael-pricing-tag\">\n                        <span class=\"price-tag\"><span class=\"original-price\">5<span class=\"price-currency\">\u20ac<\/span>\n                    <\/span><\/span><span class=\"price-period\">\/<\/span>                    <\/div>\n                    <div class=\"body\">\n                                <ul>\n                            <li class=\"elementor-repeater-item-0f9683b\">\n                    \n                    \n                    <span >Con\u00e7ue pour les joueurs avec une certaine exp\u00e9rience, cherchant \u00e0 affronter des adversaires de leur niveau.<\/span>\n                    \n                    \n            <span class=\"li-icon\" style=\"color:;fill:;\" >\n                            <\/span>\n\n         \n                <\/li>\n                    <\/ul>\n                        <\/div>\n\t                                <\/div>\n            <\/div>\n                \t\t<\/div>\n\t\t\t\t<\/div>\n\t\t\t\t<\/div>\n\t\t<div class=\"elementor-element elementor-element-7954f96 e-con-full e-flex e-con e-child\" data-id=\"7954f96\" data-element_type=\"container\">\n\t\t\t\t<div class=\"elementor-element elementor-element-85e0df6 eael-pricing-content-align-center eael-pricing-button-align-center elementor-widget elementor-widget-eael-pricing-table\" data-id=\"85e0df6\" data-element_type=\"widget\" data-widget_type=\"eael-pricing-table.default\">\n\t\t\t\t<div class=\"elementor-widget-container\">\n\t\t\t                    <div class=\"eael-pricing style-1\" >\n                <div class=\"eael-pricing-item \">\n                    <div class=\"header\">\n                        <h2 class=\"title\">ligue professionnelle<\/h2>\n                    <\/div>\n                    <div class=\"eael-pricing-tag\">\n                        <span class=\"price-tag\"><span class=\"original-price\">10<span class=\"price-currency\">\u20ac<\/span>\n                    <\/span><\/span><span class=\"price-period\">\/<\/span>                    <\/div>\n                    <div class=\"body\">\n                                <ul>\n                            <li class=\"elementor-repeater-item-0f9683b\">\n                    \n                    \n                    <span >La cr\u00e8me de la cr\u00e8me, o\u00f9 les meilleurs joueurs s'affrontent pour le titre de champion.<\/span>\n                    \n                    \n            <span class=\"li-icon\" style=\"color:;fill:;\" >\n                            <\/span>\n\n         \n                <\/li>\n                    <\/ul>\n                        <\/div>\n\t                                <\/div>\n            <\/div>\n                \t\t<\/div>\n\t\t\t\t<\/div>\n\t\t\t\t<\/div>\n\t\t\t\t<\/div>\n\t\t<div class=\"elementor-element elementor-element-670c2d3 e-flex e-con-boxed e-con e-parent\" data-id=\"670c2d3\" data-element_type=\"container\">\n\t\t\t\t\t<div class=\"e-con-inner\">\n\t\t\t\t<div class=\"elementor-element elementor-element-b5798b5 elementor-widget elementor-widget-heading\" data-id=\"b5798b5\" data-element_type=\"widget\" data-widget_type=\"heading.default\">\n\t\t\t\t<div class=\"elementor-widget-container\">\n\t\t\t<h2 class=\"elementor-heading-title elementor-size-default\">Les diff\u00e9rent tournois <\/h2>\t\t<\/div>\n\t\t\t\t<\/div>\n\t\t\t\t\t<\/div>\n\t\t\t\t<\/div>\n\t\t<div class=\"elementor-element elementor-element-8baf7a5 e-flex e-con-boxed e-con e-parent\" data-id=\"8baf7a5\" data-element_type=\"container\">\n\t\t\t\t\t<div class=\"e-con-inner\">\n\t\t<div class=\"elementor-element elementor-element-ce85ab1 e-con-full e-flex e-con e-child\" data-id=\"ce85ab1\" data-element_type=\"container\">\n\t\t<div class=\"elementor-element elementor-element-d68eee7 e-con-full e-flex e-con e-child\" data-id=\"d68eee7\" data-element_type=\"container\">\n\t\t\t\t<div class=\"elementor-element elementor-element-10058ea eael-pricing-content-align-center eael-pricing-button-align-center elementor-widget elementor-widget-eael-pricing-table\" data-id=\"10058ea\" data-element_type=\"widget\" data-widget_type=\"eael-pricing-table.default\">\n\t\t\t\t<div class=\"elementor-widget-container\">\n\t\t\t                    <div class=\"eael-pricing style-1\" >\n                <div class=\"eael-pricing-item \">\n                    <div class=\"header\">\n                        <h2 class=\"title\">Tournois express<\/h2>\n                    <\/div>\n                    <div class=\"eael-pricing-tag\">\n                        <span class=\"price-tag\"><span class=\"original-price\">2.50<span class=\"price-currency\">\u20ac<\/span>\n                    <\/span><\/span><span class=\"price-period\">\/<\/span>                    <\/div>\n                    <div class=\"body\">\n                                <ul>\n                            <li class=\"elementor-repeater-item-0f9683b\">\n                    \n                    \n                    <span >Un \u00e9v\u00e9nement mensuel avec des prix significatifs, attirant les meilleurs talents de la communaut\u00e9 FC2024.<\/span>\n                    \n                    \n            <span class=\"li-icon\" style=\"color:;fill:;\" >\n                            <\/span>\n\n         \n                <\/li>\n                    <\/ul>\n                        <\/div>\n\t                                <\/div>\n            <\/div>\n                \t\t<\/div>\n\t\t\t\t<\/div>\n\t\t\t\t<\/div>\n\t\t<div class=\"elementor-element elementor-element-7f3eb0c e-con-full e-flex e-con e-child\" data-id=\"7f3eb0c\" data-element_type=\"container\">\n\t\t\t\t<\/div>\n\t\t<div class=\"elementor-element elementor-element-ffa08fc e-con-full e-flex e-con e-child\" data-id=\"ffa08fc\" data-element_type=\"container\">\n\t\t\t\t<div class=\"elementor-element elementor-element-25f91b4 eael-pricing-content-align-center eael-pricing-button-align-center elementor-widget elementor-widget-eael-pricing-table\" data-id=\"25f91b4\" data-element_type=\"widget\" data-widget_type=\"eael-pricing-table.default\">\n\t\t\t\t<div class=\"elementor-widget-container\">\n\t\t\t                    <div class=\"eael-pricing style-1\" >\n                <div class=\"eael-pricing-item \">\n                    <div class=\"header\">\n                        <h2 class=\"title\">Grand tournois Mensuel<\/h2>\n                    <\/div>\n                    <div class=\"eael-pricing-tag\">\n                        <span class=\"price-tag\"><span class=\"original-price\">5<span class=\"price-currency\">\u20ac<\/span>\n                    <\/span><\/span><span class=\"price-period\">\/<\/span>                    <\/div>\n                    <div class=\"body\">\n                                <ul>\n                            <li class=\"elementor-repeater-item-0f9683b\">\n                    \n                    \n                    <span >La cr\u00e8me de la cr\u00e8me, o\u00f9 les meilleurs joueurs s'affrontent pour le titre de champion.<\/span>\n                    \n                    \n            <span class=\"li-icon\" style=\"color:;fill:;\" >\n                            <\/span>\n\n         \n                <\/li>\n                    <\/ul>\n                        <\/div>\n\t                                <\/div>\n            <\/div>\n                \t\t<\/div>\n\t\t\t\t<\/div>\n\t\t\t\t<\/div>\n\t\t\t\t<\/div>\n\t\t\t\t\t<\/div>\n\t\t\t\t<\/div>\n\t\t<div class=\"elementor-element elementor-element-6cb5137 e-flex e-con-boxed e-con e-parent\" data-id=\"6cb5137\" data-element_type=\"container\">\n\t\t\t\t\t<div class=\"e-con-inner\">\n\t\t\t\t<div class=\"elementor-element elementor-element-9e25eb6 elementor-widget elementor-widget-text-editor\" data-id=\"9e25eb6\" data-element_type=\"widget\" data-widget_type=\"text-editor.default\">\n\t\t\t\t<div class=\"elementor-widget-container\">\n\t\t\t\t\t\t\t<p><strong>Notre Plateforme :<\/strong><\/p><ul><li><strong>Interface Utilisateur<\/strong> : Une plateforme intuitive et facile \u00e0 utiliser, permettant une inscription rapide aux tournois et ligues.<\/li><li><strong>Suivi en Temps R\u00e9el<\/strong> : Des statistiques en direct, des classements actualis\u00e9s et des flux de matchs en direct pour que les spectateurs ne manquent jamais une action.<\/li><li><strong>Support et Communaut\u00e9<\/strong> : Une \u00e9quipe d\u00e9di\u00e9e pour aider les joueurs avec des questions techniques et organisationnelles, et une communaut\u00e9 vibrante o\u00f9 les joueurs peuvent \u00e9changer et partager leurs exp\u00e9riences.<\/li><\/ul><hr \/><p><strong>Engagement envers l&#8217;Excellence :<\/strong> Nous nous engageons \u00e0 offrir des comp\u00e9titions \u00e9quitables, transparentes et passionnantes. Nos tournois sont organis\u00e9s avec les plus hauts standards d&#8217;int\u00e9grit\u00e9 et de professionnalisme, garantissant une exp\u00e9rience de jeu in\u00e9gal\u00e9e.<\/p><hr \/><p><strong>Rejoignez-nous :<\/strong> Que vous soyez un joueur cherchant \u00e0 prouver votre valeur, un fan de football virtuel, ou un spectateur passionn\u00e9, eSport Tournois FC est votre destination ultime. Inscrivez-vous d\u00e8s aujourd&#8217;hui et faites partie de l&#8217;aventure eSport la plus excitante de FC2024.<\/p><hr \/><p><strong>Conclusion :<\/strong> eSport Tournois FC n&#8217;est pas seulement une entreprise, c&#8217;est une communaut\u00e9. Une communaut\u00e9 de joueurs, de fans, et de passionn\u00e9s de football virtuel, unis par l&#8217;amour du jeu et la qu\u00eate de l&#8217;excellence. Rejoignez-nous et faites partie de cette r\u00e9volution dans l&#8217;univers de l&#8217;eSport.<\/p>\t\t\t\t\t\t<\/div>\n\t\t\t\t<\/div>\n\t\t\t\t\t<\/div>\n\t\t\t\t<\/div>\n\t\t<div class=\"elementor-element elementor-element-6ae1dcb e-flex e-con-boxed e-con e-parent\" data-id=\"6ae1dcb\" data-element_type=\"container\">\n\t\t\t\t\t<div class=\"e-con-inner\">\n\t\t\t\t\t<\/div>\n\t\t\t\t<\/div>\n\t\t\t\t<\/div>\n\t\t","protected":false},"excerpt":{"rendered":"<p>Pr\u00e9sentation du projet : Pr\u00e9sentation du Projet : eSport Tournois FC Introduction : Bienvenue dans le monde passionnant d&#8217;eSport Tournois FC, une entreprise innovante d\u00e9di\u00e9e \u00e0 l&#8217;organisation de tournois et de ligues pour le jeu vid\u00e9o FC2024. Notre mission est de cr\u00e9er des comp\u00e9titions immersives et dynamiques qui rassemblent les [&hellip;]<\/p>\n","protected":false},"author":1,"featured_media":0,"parent":0,"menu_order":0,"comment_status":"closed","ping_status":"closed","template":"page-templates\/template-pagebuilder-full-width.php","meta":{"footnotes":""},"class_list":["post-9","page","type-page","status-publish","hentry"],"_links":{"self":[{"href":"https:\/\/rdts2.fr\/index.php\/wp-json\/wp\/v2\/pages\/9","targetHints":{"allow":["GET"]}}],"collection":[{"href":"https:\/\/rdts2.fr\/index.php\/wp-json\/wp\/v2\/pages"}],"about":[{"href":"https:\/\/rdts2.fr\/index.php\/wp-json\/wp\/v2\/types\/page"}],"author":[{"embeddable":true,"href":"https:\/\/rdts2.fr\/index.php\/wp-json\/wp\/v2\/users\/1"}],"replies":[{"embeddable":true,"href":"https:\/\/rdts2.fr\/index.php\/wp-json\/wp\/v2\/comments?post=9"}],"version-history":[{"count":53,"href":"https:\/\/rdts2.fr\/index.php\/wp-json\/wp\/v2\/pages\/9\/revisions"}],"predecessor-version":[{"id":111,"href":"https:\/\/rdts2.fr\/index.php\/wp-json\/wp\/v2\/pages\/9\/revisions\/111"}],"wp:attachment":[{"href":"https:\/\/rdts2.fr\/index.php\/wp-json\/wp\/v2\/media?parent=9"}],"curies":[{"name":"wp","href":"https:\/\/api.w.org\/{rel}","templated":true}]}}